{"id":108,"date":"2023-07-10T09:09:56","date_gmt":"2023-07-10T07:09:56","guid":{"rendered":"http:\/\/www.ecolesartallet.eu\/?page_id=108"},"modified":"2025-07-02T09:53:24","modified_gmt":"2025-07-02T07:53:24","slug":"elementor-108","status":"publish","type":"page","link":"https:\/\/www.ecolesartallet.eu\/index.php\/elementor-108\/","title":{"rendered":"Contacts"},"content":{"rendered":"\t\t<div data-elementor-type=\"wp-page\" data-elementor-id=\"108\" class=\"elementor elementor-108\">\n\t\t\t\t\t\t<section class=\"elementor-section elementor-top-section elementor-element elementor-element-98942b5 elementor-section-boxed elementor-section-height-default elementor-section-height-default\" data-id=\"98942b5\" data-element_type=\"section\">\n\t\t\t\t\t\t<div class=\"elementor-container elementor-column-gap-default\">\n\t\t\t\t\t<div class=\"elementor-column elementor-col-50 elementor-top-column elementor-element elementor-element-c78ae54\" data-id=\"c78ae54\" data-element_type=\"column\">\n\t\t\t<div class=\"elementor-widget-wrap elementor-element-populated\">\n\t\t\t\t\t\t<div class=\"elementor-element elementor-element-bd3b930 elementor-widget elementor-widget-text-editor\" data-id=\"bd3b930\" data-element_type=\"widget\" data-widget_type=\"text-editor.default\">\n\t\t\t\t<div class=\"elementor-widget-container\">\n\t\t\t\t\t\t\t\t\t<p><u><b>Direction<\/b>:<\/u> Quinet Nathalie&nbsp; &nbsp; &nbsp; &nbsp;ecolesartallet@ecgilly.eu<\/p>\n<p><u><b>Secr\u00e9tariat<\/b>:&nbsp;<\/u>Pourbaix S\u00e9bastien sebastien.pourbaix@ecgilly.eu<\/p>\n<p><u><b>T\u00e9l\u00e9phone<\/b><\/u>: 071\/412.007<\/p>\n<p><u><b>Adresse<\/b>:<\/u> Chauss\u00e9e de Fleurus, 416&nbsp; 6060 Gilly<\/p>\t\t\t\t\t\t\t\t<\/div>\n\t\t\t\t<\/div>\n\t\t\t\t\t<\/div>\n\t\t<\/div>\n\t\t\t\t<div class=\"elementor-column elementor-col-50 elementor-top-column elementor-element elementor-element-2ff544c\" data-id=\"2ff544c\" data-element_type=\"column\">\n\t\t\t<div class=\"elementor-widget-wrap elementor-element-populated\">\n\t\t\t\t\t\t<div class=\"elementor-element elementor-element-8e5638b elementor-widget elementor-widget-google_maps\" data-id=\"8e5638b\" data-element_type=\"widget\" data-widget_type=\"google_maps.default\">\n\t\t\t\t<div class=\"elementor-widget-container\">\n\t\t\t\t\t\t\t<div class=\"elementor-custom-embed\">\n\t\t\t<iframe loading=\"lazy\"\n\t\t\t\t\tsrc=\"https:\/\/maps.google.com\/maps?q=Chauss%C3%A9e%20de%20Fleurus%2C%20416%206060%20GIlly&#038;t=m&#038;z=11&#038;output=embed&#038;iwloc=near\"\n\t\t\t\t\ttitle=\"Chauss\u00e9e de Fleurus, 416 6060 GIlly\"\n\t\t\t\t\taria-label=\"Chauss\u00e9e de Fleurus, 416 6060 GIlly\"\n\t\t\t><\/iframe>\n\t\t<\/div>\n\t\t\t\t\t\t<\/div>\n\t\t\t\t<\/div>\n\t\t\t\t\t<\/div>\n\t\t<\/div>\n\t\t\t\t\t<\/div>\n\t\t<\/section>\n\t\t\t\t<\/div>\n\t\t","protected":false},"excerpt":{"rendered":"<p>Direction: Quinet Nathalie&nbsp; &nbsp; &nbsp; &nbsp;ecolesartallet@ecgilly.eu Secr\u00e9tariat:&nbsp;Pourbaix S\u00e9bastien sebastien.pourbaix@ecgilly.eu T\u00e9l\u00e9phone: 071\/412.007 Adresse: Chauss\u00e9e de Fleurus, 416&nbsp; 6060 Gilly<\/p>\n","protected":false},"author":1,"featured_media":0,"parent":0,"menu_order":0,"comment_status":"closed","ping_status":"closed","template":"","meta":{"footnotes":""},"class_list":["post-108","page","type-page","status-publish","hentry"],"_links":{"self":[{"href":"https:\/\/www.ecolesartallet.eu\/index.php\/wp-json\/wp\/v2\/pages\/108","targetHints":{"allow":["GET"]}}],"collection":[{"href":"https:\/\/www.ecolesartallet.eu\/index.php\/wp-json\/wp\/v2\/pages"}],"about":[{"href":"https:\/\/www.ecolesartallet.eu\/index.php\/wp-json\/wp\/v2\/types\/page"}],"author":[{"embeddable":true,"href":"https:\/\/www.ecolesartallet.eu\/index.php\/wp-json\/wp\/v2\/users\/1"}],"replies":[{"embeddable":true,"href":"https:\/\/www.ecolesartallet.eu\/index.php\/wp-json\/wp\/v2\/comments?post=108"}],"version-history":[{"count":11,"href":"https:\/\/www.ecolesartallet.eu\/index.php\/wp-json\/wp\/v2\/pages\/108\/revisions"}],"predecessor-version":[{"id":233,"href":"https:\/\/www.ecolesartallet.eu\/index.php\/wp-json\/wp\/v2\/pages\/108\/revisions\/233"}],"wp:attachment":[{"href":"https:\/\/www.ecolesartallet.eu\/index.php\/wp-json\/wp\/v2\/media?parent=108"}],"curies":[{"name":"wp","href":"https:\/\/api.w.org\/{rel}","templated":true}]}}